{"id":1401,"date":"2024-11-29T11:12:50","date_gmt":"2024-11-29T10:12:50","guid":{"rendered":"https:\/\/nautilus-wm.com\/over-ons\/"},"modified":"2024-12-24T09:11:49","modified_gmt":"2024-12-24T08:11:49","slug":"over-ons","status":"publish","type":"page","link":"https:\/\/nautilus-wm.com\/nl\/over-ons\/","title":{"rendered":"Over ons"},"content":{"rendered":"<div class=\"gb-container gb-container-c599fa56 text-center--mob alignfull\">\n<div class=\"gb-container gb-container-73bf343a\">\n\n<h1 class=\"wp-block-heading\"><strong>OVER ONS<\/strong><\/h1>\n\n\n\n\n<\/div>\n<\/div>\n\n<div class=\"gb-container gb-container-e7192964 section-spacing\" id=\"section2\">\n\n<h2 class=\"wp-block-heading\">Nautilus \u2013 Bescherming, Vooruitgang, Essentie<\/h2>\n\n\n<div class=\"gb-container gb-container-049210dc\">\n\n<p class=\"gb-headline gb-headline-4d7f1900 gb-headline-text\">Nautilus. Voor ons is het meer dan slechts een naam of begrip. Juist omdat de Nautilus niet eenvoudig te begrijpen is. Dit onderscheidt ons van hem. &#8220;Reduce to the max.&#8221;<br>In de Nautilus zien wij een kompas. We herkennen er veiligheid en vooruitgang in, veerkracht en pragmatisme.<br>Niet slecht als basiswaarden voor goed vermogensbeheer.<\/p>\n\n<\/div>\n<\/div>\n\n<div class=\"gb-container gb-container-adda6b41 section-spacing\">\n<div class=\"gb-grid-wrapper gb-grid-wrapper-80c849f7\">\n<div class=\"gb-grid-column gb-grid-column-a790b179\"><div class=\"gb-container gb-container-a790b179\">\n\n<figure class=\"gb-block-image gb-block-image-2055c40b\"><img decoding=\"async\" width=\"2560\" height=\"1696\" class=\"gb-image gb-image-2055c40b\" src=\"https:\/\/nautilus-wm.com\/wp-content\/uploads\/2024\/12\/2_80112218-scaled-1.jpeg\" alt=\"\" title=\"Abstract blauw gemaakt van prehistorisch fossiel van Ammoniet.\" srcset=\"https:\/\/nautilus-wm.com\/wp-content\/uploads\/2024\/12\/2_80112218-scaled-1.jpeg 2560w, https:\/\/nautilus-wm.com\/wp-content\/uploads\/2024\/12\/2_80112218-scaled-1-300x199.jpeg 300w, https:\/\/nautilus-wm.com\/wp-content\/uploads\/2024\/12\/2_80112218-scaled-1-1024x678.jpeg 1024w, https:\/\/nautilus-wm.com\/wp-content\/uploads\/2024\/12\/2_80112218-scaled-1-768x509.jpeg 768w, https:\/\/nautilus-wm.com\/wp-content\/uploads\/2024\/12\/2_80112218-scaled-1-1536x1018.jpeg 1536w, https:\/\/nautilus-wm.com\/wp-content\/uploads\/2024\/12\/2_80112218-scaled-1-2048x1357.jpeg 2048w\" sizes=\"(max-width: 2560px) 100vw, 2560px\" \/><\/figure>\n\n<\/div><\/div>\n\n<div class=\"gb-grid-column gb-grid-column-cc25ae3b\"><div class=\"gb-container gb-container-cc25ae3b\">\n\n<h2 class=\"wp-block-heading\">Het wezen van de Nautilus: uniek, diepgaand, inspirerend<\/h2>\n\n\n\n<p class=\"gb-headline gb-headline-c92d778b gb-headline-text\" data-aos=\"fade-up\">500 meter onder het wateroppervlak is het leven hard. Tenzij je goed gekleed bent. De parelmoerachtige schelp van de Nautilus glanst en beschermt hem tegen druk, golven en vijanden. Stabiel en flexibel \u2013 go with the flow, maar toch volledig onafhankelijk. De Nautilus weet hoe hij vermogen zou beschermen. Daarom inspireert hij ons. En hij beweegt nog altijd vooruit, zelfs daar en dan waar het zeepaardje zijn staart al lang heeft opgerold. Omdat de Nautilus ervaring heeft. Niet voor niets wordt hij beschouwd als een levend fossiel. En omdat hij zo diep kijkt, blijft hij vooruitkijken. Geen slechte inzichten voor de beste vooruitzichten.<\/p>\n\n<\/div><\/div>\n<\/div>\n<\/div>\n\n<div class=\"gb-container gb-container-59d5d843 section-spacing\">\n\n<h2 class=\"wp-block-heading has-text-align-center\">Onze inspiratiebronnen<\/h2>\n\n\n<div class=\"gb-container gb-container-75c1c62f\">\n<div class=\"gb-grid-wrapper gb-grid-wrapper-91184afa\">\n<div class=\"gb-grid-column gb-grid-column-1b4a38de\"><div class=\"gb-container gb-container-1b4a38de\" data-aos=\"fade-up\" data-aos-delay=\"100\">\n<div class=\"gb-container gb-container-a7ede7e0\">\n\n<p class=\"gb-headline gb-headline-6a56060f gb-headline-text numberings\">01<\/p>\n\n\n\n<p class=\"gb-headline gb-headline-10e0eb11 gb-headline-text inspirationtitles1st\">Nautilus<\/p>\n\n<\/div>\n\n<div class=\"gb-container gb-container-3f693950\">\n\n<h3 class=\"wp-block-heading has-text-align-center\">Bescherming. Vooruitgang. Balans.<\/h3>\n\n\n\n<p class=\"has-text-align-center\">Wat katten allang weten, wisten Nautili nog veel eerder: niets is belangrijker dan balans. Dat geldt des te meer met je hoofd onder water. De Nautilus is namelijk ook een koppotige. Voor hem geldt: wie heeft voeten nodig als je een goed stel hersenen hebt?<br\/>Met het terugstootprincipe vindt hij de kracht om vooruit te komen en de juiste koers te kiezen. Veiligheid en dynamiek zijn geen tegenpolen, maar juist onze kracht.<br\/>Diep ademhalen en vertrouwen op de kracht van rust: dit zijn onze leidende principes bij vermogensbeheer, die we dagelijks in de praktijk brengen.      <\/p>\n\n<\/div>\n<\/div><\/div>\n\n<div class=\"gb-grid-column gb-grid-column-17ad862e\"><div class=\"gb-container gb-container-17ad862e\" data-aos=\"fade-up\" data-aos-delay=\"200\">\n<div class=\"gb-container gb-container-646c617a\">\n\n<p class=\"gb-headline gb-headline-ddbd0a72 gb-headline-text numberings\">02<\/p>\n\n\n\n<p class=\"gb-headline gb-headline-93c8588e gb-headline-text inspirationtitles\">Fibonacci<\/p>\n\n<\/div>\n\n<div class=\"gb-container gb-container-cc3a28ce\">\n\n<h3 class=\"wp-block-heading has-text-align-center\">De perfectie van de natuur als inspiratie<\/h3>\n\n\n\n<p class=\"has-text-align-center\">Elke kamer van de Nautilus, elke spiraal volgt een duidelijke orde. Wetenschappelijk. Precies. Inspirerend. De Fibonacci-reeks is zoveel meer dan alleen eenvoudige wiskunde. Ze staat symbool voor structuur en groei. Precies deze principes vertalen wij naar onze beleggingsbeslissingen. Systematisch, vooruitziend, betrouwbaar. Omdat wij het voor u willen: de gulden snede.        <\/p>\n\n<\/div>\n<\/div><\/div>\n\n<div class=\"gb-grid-column gb-grid-column-5522cfaf\"><div class=\"gb-container gb-container-5522cfaf\" data-aos=\"fade-up\" data-aos-delay=\"300\">\n<div class=\"gb-container gb-container-9a52a3db\">\n\n<p class=\"gb-headline gb-headline-b75db9ad gb-headline-text numberings\">03<\/p>\n\n\n\n<p class=\"gb-headline gb-headline-c57b5e2a gb-headline-text inspirationtitles\">Jules Verne<\/p>\n\n<\/div>\n\n<div class=\"gb-container gb-container-1c31f11c\">\n\n<h3 class=\"wp-block-heading has-text-align-center\">Vooruitdenken, vooroplopen, nieuwe wegen vinden<\/h3>\n\n\n\n<p class=\"has-text-align-center\">Jules Verne vertrouwde op zijn Nautilus. Omdat hij rekende op zijn pioniersgeest en zijn vermogen om te innoveren. Zo kwam hij waarschijnlijk verder dan hij ooit had gedacht. Meer dan 20.000 mijlen onder water tot aan het geheimzinnige eiland.<br\/>Net zoals Jules Verne verkennen wij nieuwe wegen om vermogen te behouden \u00e9n te laten groeien. We blijven nooit stilstaan, maar respecteren wel de waterlijn. We behouden door vooruit te gaan. Omdat we weten dat onze klanten ook niet stil willen blijven staan.       <\/p>\n\n<\/div>\n<\/div><\/div>\n<\/div>\n<\/div>\n<\/div>\n\n<div class=\"gb-container gb-container-e7e2853c invertmobile section-spacing\">\n<div class=\"gb-grid-wrapper gb-grid-wrapper-e26731a4\">\n<div class=\"gb-grid-column gb-grid-column-fc63fd58\"><div class=\"gb-container gb-container-fc63fd58\">\n\n<h2 class=\"gb-headline gb-headline-6a4aac76 gb-headline-text\">Wij zijn de Nautilus. En wij staan voor u klaar.<\/h2>\n\n\n\n<p>Bescherming, vooruitgang, strategie \u2013 dat is onze belofte aan u. Nee, we zijn geen levende fossielen, maar als investeringsspecialisten combineren we decennia van ervaring en opgebouwde kennis. We kijken met trots terug op wat we hebben bereikt en meegemaakt, omdat we altijd moedig, nieuwsgierig en vol vertrouwen vooruitkeken. Net als u. Misschien bent u wel meer Nautilus dan u denkt. Hoe mooi is het dan als we samen duiken. We zijn niet bang voor natte voeten. En dat zou u ook niet moeten zijn. Omdat u altijd op ons kunt rekenen. Altijd.<\/p>\n\n<\/div><\/div>\n\n<div class=\"gb-grid-column gb-grid-column-b980bb39\"><div class=\"gb-container gb-container-b980bb39\">\n\n<figure class=\"gb-block-image gb-block-image-511a989e\"><img decoding=\"async\" width=\"2560\" height=\"1003\" class=\"gb-image gb-image-511a989e\" src=\"https:\/\/nautilus-wm.com\/wp-content\/uploads\/2024\/12\/7_97608458-scaled-1.jpeg\" alt=\"\" title=\"Marshall Point vuurtoren bij zonsondergang\" srcset=\"https:\/\/nautilus-wm.com\/wp-content\/uploads\/2024\/12\/7_97608458-scaled-1.jpeg 2560w, https:\/\/nautilus-wm.com\/wp-content\/uploads\/2024\/12\/7_97608458-scaled-1-300x118.jpeg 300w, https:\/\/nautilus-wm.com\/wp-content\/uploads\/2024\/12\/7_97608458-scaled-1-1024x401.jpeg 1024w, https:\/\/nautilus-wm.com\/wp-content\/uploads\/2024\/12\/7_97608458-scaled-1-768x301.jpeg 768w, https:\/\/nautilus-wm.com\/wp-content\/uploads\/2024\/12\/7_97608458-scaled-1-1536x602.jpeg 1536w, https:\/\/nautilus-wm.com\/wp-content\/uploads\/2024\/12\/7_97608458-scaled-1-2048x802.jpeg 2048w\" sizes=\"(max-width: 2560px) 100vw, 2560px\" \/><\/figure>\n\n<\/div><\/div>\n<\/div>\n<\/div>\n\n<div class=\"gb-container gb-container-083cd1cc section-spacing\">\n<div class=\"gb-grid-wrapper gb-grid-wrapper-2e015230\">\n<div class=\"gb-grid-column gb-grid-column-5df402ee\"><div class=\"gb-container gb-container-5df402ee\">\n\n<figure class=\"gb-block-image gb-block-image-7700bf38\"><img decoding=\"async\" width=\"2560\" height=\"1708\" class=\"gb-image gb-image-7700bf38\" src=\"https:\/\/nautilus-wm.com\/wp-content\/uploads\/2024\/12\/6_187475954-scaled-1.jpeg\" alt=\"\" title=\"oceaan\" srcset=\"https:\/\/nautilus-wm.com\/wp-content\/uploads\/2024\/12\/6_187475954-scaled-1.jpeg 2560w, https:\/\/nautilus-wm.com\/wp-content\/uploads\/2024\/12\/6_187475954-scaled-1-300x200.jpeg 300w, https:\/\/nautilus-wm.com\/wp-content\/uploads\/2024\/12\/6_187475954-scaled-1-1024x683.jpeg 1024w, https:\/\/nautilus-wm.com\/wp-content\/uploads\/2024\/12\/6_187475954-scaled-1-768x512.jpeg 768w, https:\/\/nautilus-wm.com\/wp-content\/uploads\/2024\/12\/6_187475954-scaled-1-1536x1025.jpeg 1536w, https:\/\/nautilus-wm.com\/wp-content\/uploads\/2024\/12\/6_187475954-scaled-1-2048x1366.jpeg 2048w\" sizes=\"(max-width: 2560px) 100vw, 2560px\" \/><\/figure>\n\n<\/div><\/div>\n\n<div class=\"gb-grid-column gb-grid-column-a062c4f9\"><div class=\"gb-container gb-container-a062c4f9\">\n\n<h2 class=\"gb-headline gb-headline-1ab1a8e8 gb-headline-text\">Onze missie: Uw vermogen veilig naar het doel brengen<\/h2>\n\n\n\n<p>We beschermen wat u hebt opgebouwd. En we brengen het verder vooruit. Met de veerkracht van een Nautilus en het vooruitziende blik van een ervaren kapitein navigeren we door elke markstroming. Onze visie? Vermogensbeheer dat waarden bewaart en doelen overtreft.<\/p>\n\n<\/div><\/div>\n<\/div>\n<\/div>\n\n<div class=\"gb-container gb-container-6e980c7f invertmobile section-spacing\">\n<div class=\"gb-grid-wrapper gb-grid-wrapper-89e1f733\">\n<div class=\"gb-grid-column gb-grid-column-e9831b83\"><div class=\"gb-container gb-container-e9831b83\">\n\n<h2 class=\"gb-headline gb-headline-c9fffdd4 gb-headline-text\">Waarden die verbinden. Beslissingen die overtuigen.<\/h2>\n\n\n\n<p>Vertrouwen. Transparantie. Verantwoordelijkheid. Deze waarden vormen ons denken en handelen. Ze zijn onze kompas. We handelen onafhankelijk, omdat we geloven in eigen beslissingen en de verantwoordelijkheid die we daarvoor dragen. We zijn flexibel, omdat elke oplossing uniek moet zijn. Zodat deze precies bij u past. En we zijn menselijk, omdat we uw doelen begrijpen en omdat u met ons kunt praten. Op gelijke voet. Onze waarden zijn uw zekerheid.<\/p>\n\n<\/div><\/div>\n\n<div class=\"gb-grid-column gb-grid-column-710abfc5\"><div class=\"gb-container gb-container-710abfc5\">\n\n<figure class=\"gb-block-image gb-block-image-46a859f9\"><img decoding=\"async\" width=\"2560\" height=\"1280\" class=\"gb-image gb-image-46a859f9\" src=\"https:\/\/nautilus-wm.com\/wp-content\/uploads\/2024\/12\/5_958761605-scaled-1.jpeg\" alt=\"\" title=\"Een hand die een scheepsrad bijstelt in de richting van een gloeiende vuurtoren aan de horizon, wat staat voor sturen in de juiste richting naar succes\" srcset=\"https:\/\/nautilus-wm.com\/wp-content\/uploads\/2024\/12\/5_958761605-scaled-1.jpeg 2560w, https:\/\/nautilus-wm.com\/wp-content\/uploads\/2024\/12\/5_958761605-scaled-1-300x150.jpeg 300w, https:\/\/nautilus-wm.com\/wp-content\/uploads\/2024\/12\/5_958761605-scaled-1-1024x512.jpeg 1024w, https:\/\/nautilus-wm.com\/wp-content\/uploads\/2024\/12\/5_958761605-scaled-1-768x384.jpeg 768w, https:\/\/nautilus-wm.com\/wp-content\/uploads\/2024\/12\/5_958761605-scaled-1-1536x768.jpeg 1536w, https:\/\/nautilus-wm.com\/wp-content\/uploads\/2024\/12\/5_958761605-scaled-1-2048x1024.jpeg 2048w\" sizes=\"(max-width: 2560px) 100vw, 2560px\" \/><\/figure>\n\n<\/div><\/div>\n<\/div>\n<\/div>\n\n<div class=\"gb-container gb-container-d4bdfb6d section-spacing\">\n<div class=\"gb-grid-wrapper gb-grid-wrapper-c5677186\">\n<div class=\"gb-grid-column gb-grid-column-bb2e5f07\"><div class=\"gb-container gb-container-bb2e5f07\">\n\n<figure class=\"gb-block-image gb-block-image-aee1fbc5\"><img decoding=\"async\" width=\"2560\" height=\"1707\" class=\"gb-image gb-image-aee1fbc5\" src=\"https:\/\/nautilus-wm.com\/wp-content\/uploads\/2024\/12\/4_481064100-scaled-1.jpeg\" alt=\"\" title=\"nautilusschelp op houten achtergrond\" srcset=\"https:\/\/nautilus-wm.com\/wp-content\/uploads\/2024\/12\/4_481064100-scaled-1.jpeg 2560w, https:\/\/nautilus-wm.com\/wp-content\/uploads\/2024\/12\/4_481064100-scaled-1-300x200.jpeg 300w, https:\/\/nautilus-wm.com\/wp-content\/uploads\/2024\/12\/4_481064100-scaled-1-1024x683.jpeg 1024w, https:\/\/nautilus-wm.com\/wp-content\/uploads\/2024\/12\/4_481064100-scaled-1-768x512.jpeg 768w, https:\/\/nautilus-wm.com\/wp-content\/uploads\/2024\/12\/4_481064100-scaled-1-1536x1024.jpeg 1536w, https:\/\/nautilus-wm.com\/wp-content\/uploads\/2024\/12\/4_481064100-scaled-1-2048x1366.jpeg 2048w\" sizes=\"(max-width: 2560px) 100vw, 2560px\" \/><\/figure>\n\n<\/div><\/div>\n\n<div class=\"gb-grid-column gb-grid-column-ba86439b\"><div class=\"gb-container gb-container-ba86439b\">\n\n<h2 class=\"gb-headline gb-headline-6fd4fe56 gb-headline-text\">Systematisch, dynamisch, persoonlijk<\/h2>\n\n\n\n<p>Onze filosofie volgt duidelijke principes: analyse, structuur en flexibiliteit. We nemen beslissingen op basis van gedegen gegevens en decennialange ervaring. Met een gedisciplineerde aanpak houden we emoties uit onze processen. Maar nooit uit onze gesprekken met u. Want u staat altijd centraal \u2013 uw doelen, uw veiligheid, uw succes.<\/p>\n\n<\/div><\/div>\n<\/div>\n<\/div>\n\n<div class=\"gb-container gb-container-3f9f28ca invertmobile section-spacing\">\n<div class=\"gb-grid-wrapper gb-grid-wrapper-135f5b5b\">\n<div class=\"gb-grid-column gb-grid-column-2c19b5dc\"><div class=\"gb-container gb-container-2c19b5dc\">\n\n<h2 class=\"gb-headline gb-headline-a010c099 gb-headline-text\">Mensen die u begrijpen. Experts die u ondersteunen.<\/h2>\n\n\n\n<p>Ons team verenigt ervaring, expertise en empathie. We zijn het niet altijd eens. Gelukkig maar, want daardoor dagen we elkaar uit om onze beste prestaties te leveren. Alle voor \u00e9\u00e9n. E\u00e9n voor allen. Maar altijd voor u. We zijn ervaren specialisten en tegelijkertijd gepassioneerde begeleiders van uw financi\u00eble reis. Elk van ons staat voor wat we u beloven: bescherming, vooruitgang en succes. En altijd voor u beschikbaar. Als uw persoonlijke contactpersoon \u2013 direct, bereikbaar, betrouwbaar.<\/p>\n\n<\/div><\/div>\n\n<div class=\"gb-grid-column gb-grid-column-b2a597fa\"><div class=\"gb-container gb-container-b2a597fa\">\n\n<figure class=\"gb-block-image gb-block-image-eed8b2af\"><img decoding=\"async\" width=\"2560\" height=\"1707\" class=\"gb-image gb-image-eed8b2af\" src=\"https:\/\/nautilus-wm.com\/wp-content\/uploads\/2024\/12\/3_163200809-scaled-1.jpeg\" alt=\"\" title=\"nautilus shell sectie spiraal symmetrie Fibonacci half kruis gouden verhouding structuur groei close-up verlichte moeder van parel (pompilius nautilus) stock, foto, foto, afbeelding\" srcset=\"https:\/\/nautilus-wm.com\/wp-content\/uploads\/2024\/12\/3_163200809-scaled-1.jpeg 2560w, https:\/\/nautilus-wm.com\/wp-content\/uploads\/2024\/12\/3_163200809-scaled-1-300x200.jpeg 300w, https:\/\/nautilus-wm.com\/wp-content\/uploads\/2024\/12\/3_163200809-scaled-1-1024x683.jpeg 1024w, https:\/\/nautilus-wm.com\/wp-content\/uploads\/2024\/12\/3_163200809-scaled-1-768x512.jpeg 768w, https:\/\/nautilus-wm.com\/wp-content\/uploads\/2024\/12\/3_163200809-scaled-1-1536x1024.jpeg 1536w, https:\/\/nautilus-wm.com\/wp-content\/uploads\/2024\/12\/3_163200809-scaled-1-2048x1366.jpeg 2048w\" sizes=\"(max-width: 2560px) 100vw, 2560px\" \/><\/figure>\n\n<\/div><\/div>\n<\/div>\n<\/div>\n\n<div class=\"gb-container gb-container-7c80e853 section-spacing\">\n<div class=\"gb-grid-wrapper gb-grid-wrapper-6b035681\">\n<div class=\"gb-grid-column gb-grid-column-a771a0d8\"><div class=\"gb-container gb-container-a771a0d8\">\n\n<figure class=\"gb-block-image gb-block-image-2d16d467\"><img decoding=\"async\" width=\"2141\" height=\"2085\" class=\"gb-image gb-image-2d16d467\" src=\"https:\/\/nautilus-wm.com\/wp-content\/uploads\/2024\/12\/1_35338769-1.jpeg\" alt=\"\" title=\"Doorsnede van nautilusschelp\" srcset=\"https:\/\/nautilus-wm.com\/wp-content\/uploads\/2024\/12\/1_35338769-1.jpeg 2141w, https:\/\/nautilus-wm.com\/wp-content\/uploads\/2024\/12\/1_35338769-1-300x292.jpeg 300w, https:\/\/nautilus-wm.com\/wp-content\/uploads\/2024\/12\/1_35338769-1-1024x997.jpeg 1024w, https:\/\/nautilus-wm.com\/wp-content\/uploads\/2024\/12\/1_35338769-1-768x748.jpeg 768w, https:\/\/nautilus-wm.com\/wp-content\/uploads\/2024\/12\/1_35338769-1-1536x1496.jpeg 1536w, https:\/\/nautilus-wm.com\/wp-content\/uploads\/2024\/12\/1_35338769-1-2048x1994.jpeg 2048w\" sizes=\"(max-width: 2141px) 100vw, 2141px\" \/><\/figure>\n\n<\/div><\/div>\n\n<div class=\"gb-grid-column gb-grid-column-62d84906\"><div class=\"gb-container gb-container-62d84906\">\n\n<h2 class=\"gb-headline gb-headline-a97e40bf gb-headline-text\">Van Vaduz naar de wereld \u2013 sinds 2006<\/h2>\n\n\n\n<p>Onze wortels liggen in Vaduz. Onze waarden zijn diep verankerd. En onze blik is gericht op de toekomst. Sinds 2006 begeleiden we onze klanten vanuit hier op hun weg naar duurzaam succes. Onafhankelijk, innovatief en verantwoordelijk.<\/p>\n\n<\/div><\/div>\n<\/div>\n<\/div>","protected":false},"excerpt":{"rendered":"<p>OVER ONS Nautilus \u2013 Bescherming, Vooruitgang, Essentie Nautilus. Voor ons is het meer dan slechts een naam of begrip. Juist omdat de Nautilus niet eenvoudig te begrijpen is. Dit onderscheidt ons van hem. &#8220;Reduce to the max.&#8221;In de Nautilus zien wij een kompas. We herkennen er veiligheid en vooruitgang in, veerkracht en pragmatisme.Niet slecht als &#8230; <a title=\"Over ons\" class=\"read-more\" href=\"https:\/\/nautilus-wm.com\/nl\/over-ons\/\" aria-label=\"Lees meer over Over ons\">Lees meer<\/a><\/p>\n","protected":false},"author":1,"featured_media":0,"parent":0,"menu_order":0,"comment_status":"closed","ping_status":"closed","template":"","meta":{"_acf_changed":false,"inline_featured_image":false,"footnotes":""},"class_list":["post-1401","page","type-page","status-publish"],"acf":[],"_links":{"self":[{"href":"https:\/\/nautilus-wm.com\/nl\/wp-json\/wp\/v2\/pages\/1401","targetHints":{"allow":["GET"]}}],"collection":[{"href":"https:\/\/nautilus-wm.com\/nl\/wp-json\/wp\/v2\/pages"}],"about":[{"href":"https:\/\/nautilus-wm.com\/nl\/wp-json\/wp\/v2\/types\/page"}],"author":[{"embeddable":true,"href":"https:\/\/nautilus-wm.com\/nl\/wp-json\/wp\/v2\/users\/1"}],"replies":[{"embeddable":true,"href":"https:\/\/nautilus-wm.com\/nl\/wp-json\/wp\/v2\/comments?post=1401"}],"version-history":[{"count":2,"href":"https:\/\/nautilus-wm.com\/nl\/wp-json\/wp\/v2\/pages\/1401\/revisions"}],"predecessor-version":[{"id":1586,"href":"https:\/\/nautilus-wm.com\/nl\/wp-json\/wp\/v2\/pages\/1401\/revisions\/1586"}],"wp:attachment":[{"href":"https:\/\/nautilus-wm.com\/nl\/wp-json\/wp\/v2\/media?parent=1401"}],"curies":[{"name":"wp","href":"https:\/\/api.w.org\/{rel}","templated":true}]}}